{"id":1006,"date":"2013-01-23T14:45:17","date_gmt":"2013-01-23T14:45:17","guid":{"rendered":"http:\/\/www.odysseus-contests.eu\/?page_id=1006"},"modified":"2013-01-23T14:45:17","modified_gmt":"2013-01-23T14:45:17","slug":"hur-det-fungerar","status":"publish","type":"page","link":"https:\/\/www.odysseus-contests.eu\/?page_id=1006","title":{"rendered":"Hur det fungerar"},"content":{"rendered":"<p>Odysseus-t\u00e4vlingen utmanar studenter mellan 14 och 18 \u00e5r fr\u00e5n alla EU-l\u00e4nder att skapa ett projekt om utforskning av rymden, d\u00e4r de anv\u00e4nder sin kunskap, kreativitet och sitt kritiska t\u00e4nkande. Studenter som vill delta m\u00e5ste bilda ett lag best\u00e5ende av 2 till 5 medlemmar, med en l\u00e4rare som coach, och utforma och skicka in ett projekt i n\u00e5gon av t\u00e4vlingens kategorier:<\/p>\n<p>i) Solsystemet, ii) Rymdskepp \u2013 globalt samarbete, och iii) Livets samevolution<\/p>\n<p>Bidraget m\u00e5ste vara digitalt, f\u00e5r vara i vilket digitalt format som helst, och kan inkludera ett arbetsdokument f\u00f6r projektet i det format som tillhandah\u00e5lls av organisat\u00f6rerna, och ska beskriva bakgrunden till och tanken med projektet. T\u00e4vlingen \u00e4r \u00f6ppen fr\u00e5n 1 juli 2012 till 15 februari 2013.<\/p>\n<p>Alla bidrag kommer att utv\u00e4rderas och po\u00e4ngs\u00e4ttas i vetenskaplighet, praktisk till\u00e4mpning och kreativitet av mycket erfarna bed\u00f6mare, enligt p\u00e5 f\u00f6rhand definierade utv\u00e4rderingskriterier. Tre bidrag per land \u2013 ett f\u00f6r varje kategori \u2013 kommer att v\u00e4ljas ut f\u00f6r att g\u00e5 vidare till den slutliga finalomg\u00e5ngen. De lag som g\u00e5r vidare till finalomg\u00e5ngen kommer att beh\u00f6va skicka in en sammanfattning av sitt projekt p\u00e5 engelska. I finalomg\u00e5ngen kommer de nationella vinnarna att utv\u00e4rderas och j\u00e4mf\u00f6ras och de slutgiltiga tre vinnarna (en i varje kategori) kommer att utses och de vinner en unik utbildningsupplevelse p\u00e5 European Astronaut Centre (EAC) i K\u00f6ln, Tyskland och p\u00e5 Space Expo i Nederl\u00e4nderna, d\u00e4r de kommer att ta emot sina priser.<\/p>\n<ul>\n<li>Notera att efter att mottagandet av t\u00e4vlingsbidrag avslutats kommer alla projekt att vara tillg\u00e4ngliga f\u00f6r allm\u00e4nheten via Odysseus webbsida.<\/li>\n<\/ul>\n","protected":false},"excerpt":{"rendered":"<p>Odysseus-t\u00e4vlingen utmanar studenter mellan 14 och 18 \u00e5r fr\u00e5n alla EU-l\u00e4nder att skapa ett projekt om utforskning av rymden, d\u00e4r de anv\u00e4nder sin kunskap, kreativitet och sitt kritiska t\u00e4nkande. Studenter som vill delta m\u00e5ste bilda ett lag best\u00e5ende av 2 till 5 medlemmar, med en l\u00e4rare som coach, och utforma och skicka in ett projekt [&hellip;]<\/p>\n","protected":false},"author":1,"featured_media":0,"parent":57,"menu_order":0,"comment_status":"closed","ping_status":"open","template":"","meta":[],"_links":{"self":[{"href":"https:\/\/www.odysseus-contests.eu\/index.php?rest_route=\/wp\/v2\/pages\/1006"}],"collection":[{"href":"https:\/\/www.odysseus-contests.eu\/index.php?rest_route=\/wp\/v2\/pages"}],"about":[{"href":"https:\/\/www.odysseus-contests.eu\/index.php?rest_route=\/wp\/v2\/types\/page"}],"author":[{"embeddable":true,"href":"https:\/\/www.odysseus-contests.eu\/index.php?rest_route=\/wp\/v2\/users\/1"}],"replies":[{"embeddable":true,"href":"https:\/\/www.odysseus-contests.eu\/index.php?rest_route=%2Fwp%2Fv2%2Fcomments&post=1006"}],"version-history":[{"count":1,"href":"https:\/\/www.odysseus-contests.eu\/index.php?rest_route=\/wp\/v2\/pages\/1006\/revisions"}],"predecessor-version":[{"id":1007,"href":"https:\/\/www.odysseus-contests.eu\/index.php?rest_route=\/wp\/v2\/pages\/1006\/revisions\/1007"}],"up":[{"embeddable":true,"href":"https:\/\/www.odysseus-contests.eu\/index.php?rest_route=\/wp\/v2\/pages\/57"}],"wp:attachment":[{"href":"https:\/\/www.odysseus-contests.eu\/index.php?rest_route=%2Fwp%2Fv2%2Fmedia&parent=1006"}],"curies":[{"name":"wp","href":"https:\/\/api.w.org\/{rel}","templated":true}]}}