{"id":1008,"date":"2013-01-23T14:46:36","date_gmt":"2013-01-23T14:46:36","guid":{"rendered":"http:\/\/www.odysseus-contests.eu\/?page_id=1008"},"modified":"2013-01-23T14:46:36","modified_gmt":"2013-01-23T14:46:36","slug":"tietoja-kilpailusta","status":"publish","type":"page","link":"https:\/\/www.odysseus-contests.eu\/?page_id=1008","title":{"rendered":"Tietoja kilpailusta"},"content":{"rendered":"<p>Odysseus-kilpailu haastaa kaikkien EU-maiden 14 \u2013 18 vuoden ik\u00e4iset koululaiset\u00a0 k\u00e4ytt\u00e4m\u00e4\u00e4n tietojaan, luovuuttaan ja kriittist\u00e4 ajattelukyky\u00e4\u00e4n kehitt\u00e4m\u00e4\u00e4n avaruustutkimusprojektin kehitt\u00e4miseksi. Osallistujien on muodostettava 2 \u2013 5 j\u00e4senen joukkue, jota opettaja valmentaa. Ryhm\u00e4n on laadittava ja toimitettava johonkin kilpailun kategoriaan liittyv\u00e4 projekti:<\/p>\n<p>i) Aurinkokunta, ii) Avaruusalus \u2013 maailmanlaajuinen yhteisty\u00f6 ja iii) El\u00e4m\u00e4n yhteisevoluutio.<\/p>\n<p>Kilpailuehdotuksen on oltava digitaalisessa muodossa, se voi olla mik\u00e4 hyv\u00e4ns\u00e4 digitaalinen tiedosto ja voi sis\u00e4lt\u00e4\u00e4 j\u00e4rjest\u00e4jien toimittaman projektin ty\u00f6listan, jossa selostetaan projektin tausta-ajatuksia,\u00a0 Kilpailuaika on 1. hein\u00e4kuuta 2012 \u2013 15. helmikuuta 2013.<\/p>\n<p>Eritt\u00e4in kokeneet henkil\u00f6t arvioivat kaikki ehdotukset ennalta m\u00e4\u00e4riteltyjen kriteerien mukaan ja pisteytt\u00e4v\u00e4t ne tieteellisen osaamisen, k\u00e4yt\u00e4nn\u00f6n toteutuksen ja luovuuden perusteella. Jokaisesta maasta valitaan kolme ehdotusta \u2013 yksi joka kategoriasta \u2013 viimeiselle arviointikierrokselle. Viimeiselle kierrokselle etenevien joukkueiden\u00a0 on laadittava projektistaan englannin kielinen lyhennelm\u00e4. Kansallisia voittajia vertaillaan viimeisell\u00e4 kierroksella ja joka kategoriasta valitaan voittaja. Voittajille on luvassa ainutkertainen opettava kokemus Euroopan astronauttikeskuksessa (EAC) K\u00f6lniss\u00e4, Saksassa, ja Alankomaissa j\u00e4rjestett\u00e4v\u00e4ss\u00e4 Space Expossa, jossa voittajille luovutetaan palkinnot.<\/p>\n<p>* \u00a0\u00a0 Huomatkaa, ett\u00e4 sis\u00e4\u00e4nj\u00e4tt\u00f6ajan p\u00e4\u00e4tytty\u00e4 kaikki projektit ovat vapaasti yleis\u00f6n n\u00e4ht\u00e4viss\u00e4 Odysseus-sivustossa.<\/p>\n","protected":false},"excerpt":{"rendered":"<p>Odysseus-kilpailu haastaa kaikkien EU-maiden 14 \u2013 18 vuoden ik\u00e4iset koululaiset\u00a0 k\u00e4ytt\u00e4m\u00e4\u00e4n tietojaan, luovuuttaan ja kriittist\u00e4 ajattelukyky\u00e4\u00e4n kehitt\u00e4m\u00e4\u00e4n avaruustutkimusprojektin kehitt\u00e4miseksi. Osallistujien on muodostettava 2 \u2013 5 j\u00e4senen joukkue, jota opettaja valmentaa. Ryhm\u00e4n on laadittava ja toimitettava johonkin kilpailun kategoriaan liittyv\u00e4 projekti: i) Aurinkokunta, ii) Avaruusalus \u2013 maailmanlaajuinen yhteisty\u00f6 ja iii) El\u00e4m\u00e4n yhteisevoluutio. Kilpailuehdotuksen on oltava digitaalisessa [&hellip;]<\/p>\n","protected":false},"author":1,"featured_media":0,"parent":57,"menu_order":0,"comment_status":"closed","ping_status":"open","template":"","meta":[],"_links":{"self":[{"href":"https:\/\/www.odysseus-contests.eu\/index.php?rest_route=\/wp\/v2\/pages\/1008"}],"collection":[{"href":"https:\/\/www.odysseus-contests.eu\/index.php?rest_route=\/wp\/v2\/pages"}],"about":[{"href":"https:\/\/www.odysseus-contests.eu\/index.php?rest_route=\/wp\/v2\/types\/page"}],"author":[{"embeddable":true,"href":"https:\/\/www.odysseus-contests.eu\/index.php?rest_route=\/wp\/v2\/users\/1"}],"replies":[{"embeddable":true,"href":"https:\/\/www.odysseus-contests.eu\/index.php?rest_route=%2Fwp%2Fv2%2Fcomments&post=1008"}],"version-history":[{"count":2,"href":"https:\/\/www.odysseus-contests.eu\/index.php?rest_route=\/wp\/v2\/pages\/1008\/revisions"}],"predecessor-version":[{"id":1010,"href":"https:\/\/www.odysseus-contests.eu\/index.php?rest_route=\/wp\/v2\/pages\/1008\/revisions\/1010"}],"up":[{"embeddable":true,"href":"https:\/\/www.odysseus-contests.eu\/index.php?rest_route=\/wp\/v2\/pages\/57"}],"wp:attachment":[{"href":"https:\/\/www.odysseus-contests.eu\/index.php?rest_route=%2Fwp%2Fv2%2Fmedia&parent=1008"}],"curies":[{"name":"wp","href":"https:\/\/api.w.org\/{rel}","templated":true}]}}