{"id":750,"date":"2012-11-28T00:32:53","date_gmt":"2012-11-28T00:32:53","guid":{"rendered":"http:\/\/www.odysseus-contests.eu\/?page_id=750"},"modified":"2013-01-19T15:00:43","modified_gmt":"2013-01-19T15:00:43","slug":"comment-ca-marche","status":"publish","type":"page","link":"https:\/\/www.odysseus-contests.eu\/?page_id=750","title":{"rendered":"Comment \u00e7a marche"},"content":{"rendered":"<p>Le concours Ulysse est une comp\u00e9tition ouverte aux \u00e9tudiants de 14 \u00e0 18 ans de tous les pays de l\u2019UE, visant \u00e0 d\u00e9velopper un projet d\u2019exploration de l\u2019espace, en utilisant leur savoir, leur cr\u00e9ativit\u00e9 et la pens\u00e9e critique. Les \u00e9tudiants souhaitant y participer doivent former une \u00e9quipe de 2 \u00e0 5 membres, avec un professeur dans le r\u00f4le du mentor, puis pr\u00e9parer et soumettre un projet dans l\u2019une des cat\u00e9gories du concours:<\/p>\n<p>i) le syst\u00e8me solaire, ii) l\u2019engin de l\u2019espace \u2013 coop\u00e9ration mondiale et \u00a0iii) la co\u00e9volution de la vie.<\/p>\n<p>La participation doit \u00eatre num\u00e9rique et peut rev\u00eatir la forme d\u2019un fichier num\u00e9rique et peut inclure une feuille de projet selon le format fourni par les organisateurs d\u00e9crivant le processus de pens\u00e9e \u00a0du projet.\u00a0 Le concours sera ouvert du 1<sup>er<\/sup> Juillet 2012 au 15 Fevrier\u00a02013.<\/p>\n<p>Toutes les participations seront \u00e9valu\u00e9es et not\u00e9es sur la connaissance scientifique, l\u2019application pratique et la cr\u00e9ativit\u00e9, par des \u00e9valuateurs hautement exp\u00e9riment\u00e9s et selon des Crit\u00e8res d\u2019\u00c9valuation pr\u00e9\u00e9tablis. Trois participations par pays \u2013 une pour chaque cat\u00e9gorie \u2013 seront s\u00e9lectionn\u00e9es pour l\u2019\u00e9tape suivante et le dernier cycle d\u2019\u00e9valuation. Les \u00e9quipes qui parviendront au dernier cycle devront soumettre un r\u00e9sum\u00e9 de leur projet en Anglais. Lors du dernier tour, les gagnants nationaux seront \u00e9valu\u00e9s de mani\u00e8re comparative et les trois derniers gagnants s\u00e9lectionn\u00e9s (un dans chaque cat\u00e9gorie) gagneront une exp\u00e9rience \u00e9ducative, qui ne se pr\u00e9sente qu\u2019une fois dans une vie, au Centre des Astronautes Europ\u00e9ens (EAC) \u00e0 Cologne, en Allemagne et \u00e0 l\u2019Expo Espace des Pays-Bas, o\u00f9 leur seront remis leurs prix.<\/p>\n<p>* \u00a0\u00a0 Attention apr\u00e8s la cl\u00f4ture des inscriptions des participants, tous les projets seront \u00a0ouverts au public \u00e0 travers le site internet Ulysse.<\/p>\n","protected":false},"excerpt":{"rendered":"<p>Le concours Ulysse est une comp\u00e9tition ouverte aux \u00e9tudiants de 14 \u00e0 18 ans de tous les pays de l\u2019UE, visant \u00e0 d\u00e9velopper un projet d\u2019exploration de l\u2019espace, en utilisant leur savoir, leur cr\u00e9ativit\u00e9 et la pens\u00e9e critique. Les \u00e9tudiants souhaitant y participer doivent former une \u00e9quipe de 2 \u00e0 5 membres, avec un professeur [&hellip;]<\/p>\n","protected":false},"author":1,"featured_media":0,"parent":57,"menu_order":0,"comment_status":"closed","ping_status":"open","template":"","meta":[],"_links":{"self":[{"href":"https:\/\/www.odysseus-contests.eu\/index.php?rest_route=\/wp\/v2\/pages\/750"}],"collection":[{"href":"https:\/\/www.odysseus-contests.eu\/index.php?rest_route=\/wp\/v2\/pages"}],"about":[{"href":"https:\/\/www.odysseus-contests.eu\/index.php?rest_route=\/wp\/v2\/types\/page"}],"author":[{"embeddable":true,"href":"https:\/\/www.odysseus-contests.eu\/index.php?rest_route=\/wp\/v2\/users\/1"}],"replies":[{"embeddable":true,"href":"https:\/\/www.odysseus-contests.eu\/index.php?rest_route=%2Fwp%2Fv2%2Fcomments&post=750"}],"version-history":[{"count":3,"href":"https:\/\/www.odysseus-contests.eu\/index.php?rest_route=\/wp\/v2\/pages\/750\/revisions"}],"predecessor-version":[{"id":973,"href":"https:\/\/www.odysseus-contests.eu\/index.php?rest_route=\/wp\/v2\/pages\/750\/revisions\/973"}],"up":[{"embeddable":true,"href":"https:\/\/www.odysseus-contests.eu\/index.php?rest_route=\/wp\/v2\/pages\/57"}],"wp:attachment":[{"href":"https:\/\/www.odysseus-contests.eu\/index.php?rest_route=%2Fwp%2Fv2%2Fmedia&parent=750"}],"curies":[{"name":"wp","href":"https:\/\/api.w.org\/{rel}","templated":true}]}}