{"id":755,"date":"2012-11-28T00:35:45","date_gmt":"2012-11-28T00:35:45","guid":{"rendered":"http:\/\/www.odysseus-contests.eu\/?page_id=755"},"modified":"2013-01-19T14:59:45","modified_gmt":"2013-01-19T14:59:45","slug":"so-funktionierts","status":"publish","type":"page","link":"https:\/\/www.odysseus-contests.eu\/?page_id=755","title":{"rendered":"So funktioniert\u2019s"},"content":{"rendered":"<p>Der Odysseus-Wettbewerb fordert Sch\u00fcler zwischen 14 und 18 Jahren aus allen EU-L\u00e4ndern dazu heraus, ein Projekt \u00fcber die Erforschung des Weltalls zu entwickeln und dabei ihr Wissen, ihre Kreativit\u00e4t und ihr kritisches Denken anzuwenden. Sch\u00fcler, die teilnehmen m\u00f6chten, m\u00fcssen ein Team von 2 bis 5 Mitgliedern mit einem Lehrer als Coach bilden und ein Projekt in einer der Wettbewerbskategorien erarbeiten und einreichen:<\/p>\n<p>i) Sonnensystem, ii) Raumschiff \u2013 globale Kooperation und iii) Gemeinsame Evolution des Lebens.<\/p>\n<p>Die Einreichung muss digital erfolgen und kann die Form einer jeglichen digitalen Datei annehmen und k\u00f6nnte ein Projekt-Arbeitsblatt in dem von den Organisatoren bereitgestellten Format enthalten, das die Hintergrundgedanken des Projektes beschreibt.\u00a0 Der Wettbewerb ist vom 1. Juli 2012 bis zum 15. Februar\u00a02013 ge\u00f6ffnet.<\/p>\n<p>Alle \u00a0Einreichungen werden von sehr erfahrenen Auswertern nach vorab definierten Bewertungskriterien in Bezug auf wissenschaftliche Kenntnisse, praktische Umsetzung und Kreativit\u00e4t beurteilt und benotet. Drei Einreichungen pro Land \u2013 eine f\u00fcr jede Kategorie \u2013 werden ausgew\u00e4hlt und kommen weiter in die Bewertungsendrunde. Teams, die zur Endrunde durchkommen, m\u00fcssen eine Zusammenfassung ihres Projektes in Englisch einreichen. In der Endrunde werden die nationalen Sieger dann vergleichend bewertet, und die letzten drei Gewinner (einer in jeder Kategorie) werden ausgew\u00e4hlt, um eine einmalige Lernerfahrung im Europ\u00e4ischen Astronautenzentrum (EAC) in K\u00f6ln in Deutschland und in der Space Expo in den Niederlanden zu machen, wo sie ihre Preise entgegennehmen werden.<\/p>\n<p>* \u00a0\u00a0 Hinweis: Nach Einsendeschluss werden alle Projekte auf der Odysseus- Website f\u00fcr die \u00d6ffentlichkeit zug\u00e4nglich sein.<\/p>\n","protected":false},"excerpt":{"rendered":"<p>Der Odysseus-Wettbewerb fordert Sch\u00fcler zwischen 14 und 18 Jahren aus allen EU-L\u00e4ndern dazu heraus, ein Projekt \u00fcber die Erforschung des Weltalls zu entwickeln und dabei ihr Wissen, ihre Kreativit\u00e4t und ihr kritisches Denken anzuwenden. Sch\u00fcler, die teilnehmen m\u00f6chten, m\u00fcssen ein Team von 2 bis 5 Mitgliedern mit einem Lehrer als Coach bilden und ein Projekt [&hellip;]<\/p>\n","protected":false},"author":1,"featured_media":0,"parent":57,"menu_order":0,"comment_status":"closed","ping_status":"open","template":"","meta":[],"_links":{"self":[{"href":"https:\/\/www.odysseus-contests.eu\/index.php?rest_route=\/wp\/v2\/pages\/755"}],"collection":[{"href":"https:\/\/www.odysseus-contests.eu\/index.php?rest_route=\/wp\/v2\/pages"}],"about":[{"href":"https:\/\/www.odysseus-contests.eu\/index.php?rest_route=\/wp\/v2\/types\/page"}],"author":[{"embeddable":true,"href":"https:\/\/www.odysseus-contests.eu\/index.php?rest_route=\/wp\/v2\/users\/1"}],"replies":[{"embeddable":true,"href":"https:\/\/www.odysseus-contests.eu\/index.php?rest_route=%2Fwp%2Fv2%2Fcomments&post=755"}],"version-history":[{"count":3,"href":"https:\/\/www.odysseus-contests.eu\/index.php?rest_route=\/wp\/v2\/pages\/755\/revisions"}],"predecessor-version":[{"id":759,"href":"https:\/\/www.odysseus-contests.eu\/index.php?rest_route=\/wp\/v2\/pages\/755\/revisions\/759"}],"up":[{"embeddable":true,"href":"https:\/\/www.odysseus-contests.eu\/index.php?rest_route=\/wp\/v2\/pages\/57"}],"wp:attachment":[{"href":"https:\/\/www.odysseus-contests.eu\/index.php?rest_route=%2Fwp%2Fv2%2Fmedia&parent=755"}],"curies":[{"name":"wp","href":"https:\/\/api.w.org\/{rel}","templated":true}]}}