{"id":766,"date":"2012-11-28T00:41:39","date_gmt":"2012-11-28T00:41:39","guid":{"rendered":"http:\/\/www.odysseus-contests.eu\/?page_id=766"},"modified":"2013-01-19T15:03:36","modified_gmt":"2013-01-19T15:03:36","slug":"como-funciona","status":"publish","type":"page","link":"https:\/\/www.odysseus-contests.eu\/?page_id=766","title":{"rendered":"C\u00f3mo funciona"},"content":{"rendered":"<p>El concurso Odysseus reta a estudiantes de entre 14 y 18 a\u00f1os de todos los pa\u00edses de la Uni\u00f3n Europea a desarrollar un proyecto de exploraci\u00f3n espacial, usando sus conocimientos, creatividad y pensamiento cr\u00edtico. Los estudiantes que deseen participar deben formar un equipo de 2 a 5 miembros, con un profesor como instructor, y preparar y enviar un proyecto que pertenezca a una de las siguientes categor\u00edas del concurso:<\/p>\n<p>i) Sistema Solar, ii) Nave espacial \u2013 cooperaci\u00f3n global y iii) Coevoluci\u00f3n de la vida.<\/p>\n<p>La candidatura debe ser digital y puede hacerse por medio de un archivo digital, el cual puede incluir una hoja de trabajo del proyecto en el formato proporcionado por los organizadores y que describa las ideas generales del proyecto.\u00a0 El concurso empezar\u00e1 el 1 de julio de 2012 y finalizar\u00e1 el 15 de febrero\u00a0de 2013.<\/p>\n<p>Todas las candidaturas ser\u00e1n valoradas y calificadas por evaluadores altamente experimentados seg\u00fan los conocimientos cient\u00edficos, la implementaci\u00f3n pr\u00e1ctica y la creatividad que demuestren los estudiantes, y siempre de conformidad con los criterios de evaluaci\u00f3n predefinidos. Se escoger\u00e1n tres candidaturas (una para cada categor\u00eda) para acceder a la ronda final de evaluaci\u00f3n Los equipos que lleguen a la ronda final, tendr\u00e1n que enviar un resumen de su proyecto en ingl\u00e9s. En la ronda final, los ganadores nacionales ser\u00e1n evaluados comparativamente y se escoger\u00e1 tres ganadores finales (uno de cada categor\u00eda), los cuales obtendr\u00e1n una experiencia acad\u00e9mica \u00fanica en la vida en el <strong>Centro Europeo de Astronautas (EAC)<\/strong> de Colonia, Alemania, y en la Space Expo, en los Pa\u00edses Bajos, donde recibir\u00e1n el premio.<\/p>\n<p>*\u00a0 \u00a0 Tras finalizar el plazo de env\u00edo de candidaturas, todos los proyectos estar\u00e1n disponibles al p\u00fablico a trav\u00e9s del sitio web de Odysseus.<\/p>\n","protected":false},"excerpt":{"rendered":"<p>El concurso Odysseus reta a estudiantes de entre 14 y 18 a\u00f1os de todos los pa\u00edses de la Uni\u00f3n Europea a desarrollar un proyecto de exploraci\u00f3n espacial, usando sus conocimientos, creatividad y pensamiento cr\u00edtico. Los estudiantes que deseen participar deben formar un equipo de 2 a 5 miembros, con un profesor como instructor, y preparar [&hellip;]<\/p>\n","protected":false},"author":1,"featured_media":0,"parent":57,"menu_order":0,"comment_status":"closed","ping_status":"open","template":"","meta":[],"_links":{"self":[{"href":"https:\/\/www.odysseus-contests.eu\/index.php?rest_route=\/wp\/v2\/pages\/766"}],"collection":[{"href":"https:\/\/www.odysseus-contests.eu\/index.php?rest_route=\/wp\/v2\/pages"}],"about":[{"href":"https:\/\/www.odysseus-contests.eu\/index.php?rest_route=\/wp\/v2\/types\/page"}],"author":[{"embeddable":true,"href":"https:\/\/www.odysseus-contests.eu\/index.php?rest_route=\/wp\/v2\/users\/1"}],"replies":[{"embeddable":true,"href":"https:\/\/www.odysseus-contests.eu\/index.php?rest_route=%2Fwp%2Fv2%2Fcomments&post=766"}],"version-history":[{"count":5,"href":"https:\/\/www.odysseus-contests.eu\/index.php?rest_route=\/wp\/v2\/pages\/766\/revisions"}],"predecessor-version":[{"id":982,"href":"https:\/\/www.odysseus-contests.eu\/index.php?rest_route=\/wp\/v2\/pages\/766\/revisions\/982"}],"up":[{"embeddable":true,"href":"https:\/\/www.odysseus-contests.eu\/index.php?rest_route=\/wp\/v2\/pages\/57"}],"wp:attachment":[{"href":"https:\/\/www.odysseus-contests.eu\/index.php?rest_route=%2Fwp%2Fv2%2Fmedia&parent=766"}],"curies":[{"name":"wp","href":"https:\/\/api.w.org\/{rel}","templated":true}]}}