{"id":771,"date":"2012-11-28T00:44:14","date_gmt":"2012-11-28T00:44:14","guid":{"rendered":"http:\/\/www.odysseus-contests.eu\/?page_id=771"},"modified":"2013-01-19T15:02:43","modified_gmt":"2013-01-19T15:02:43","slug":"cum-functioneaza","status":"publish","type":"page","link":"https:\/\/www.odysseus-contests.eu\/?page_id=771","title":{"rendered":"Cum func\u021bioneaz\u0103"},"content":{"rendered":"<p>Concursul Odysseus provoac\u0103 studen\u021bii cu v\u00e2rste \u00eentre 14 \u0219i 18 ani din toate \u021b\u0103rile europene pentru elaborarea unui proiect cu privire la explorarea spa\u021biului, utiliz\u00e2ndu-\u0219i cuno\u0219tin\u021bele, creativitatea \u0219i g\u00e2ndirea critic\u0103. Studen\u021bii care doresc s\u0103 participe trebuie s\u0103 formeze o echip\u0103 de 2 p\u00e2n\u0103 la 5 membri, av\u00e2nd un profesor ca antrenor \u0219i trebuie s\u0103 preg\u0103teasc\u0103 \u0219i s\u0103 depun\u0103 un proiect \u00eentr-una din categoriile concursului.<\/p>\n<p>i) Sistemul solar, ii) Nav\u0103 spa\u021bial\u0103 \u2013 cooperare global\u0103 \u0219i iii) Co-evolu\u021bia vie\u021bii.<\/p>\n<p>\u00cenregistrarea trebuie s\u0103 fie digital\u0103, poate avea forma unui fi\u0219ier digital \u0219i poate include o fi\u0219\u0103 de lucru a proiectului \u00een formatul prev\u0103zut de organizatori, descriind conceptul de baz\u0103 al proiectului. Concursul va fi deschis de la 1 iulie 2012 p\u00e2n\u0103 la 15 februarie\u00a02013.<\/p>\n<p>Toate \u00eenregistr\u0103rile vor fi evaluate \u0219i clasificate pe baza cuno\u0219tin\u021belor \u0219tiin\u021bifice, aplica\u021bie practic\u0103 \u0219i creativitate, de c\u0103tre evaluatori foarte experimenta\u021bi, \u00een func\u021bie de Criteriile de Evaluare predefinite. Se vor alege trei \u00eenregistr\u0103ri pe \u021bar\u0103 \u2013 c\u00e2te una pentru fiecare categorie \u2013 pentru a avansa \u00een runda final\u0103 de evaluare. Echipele care ajung \u00een runda final\u0103 vor trebui s\u0103 depun\u0103 un rezumat al proiectului lor \u00een limba englez\u0103. \u00cen etapa final\u0103, se vor evalua c\u00e2\u0219tig\u0103torii na\u021bionali prin compara\u021bie \u0219i se vor selecta cei trei c\u00e2\u0219tig\u0103tori finali (c\u00e2te unul pentru fiecare categorie) ce vor c\u00e2\u0219tiga o oportunitate de experien\u021b\u0103 educa\u021bional\u0103 unic\u0103 la Centrul European de Astronautic\u0103 (EAC) din Cologne, Germania \u0219i la Space Expo din Olanda, unde \u00ee\u0219i vor primi premiile.<\/p>\n<p>*\u00a0 \u00a0 Re\u021bine\u021bi c\u0103, dup\u0103 \u00eencheierea depunerilor de \u00eenregistrare, toate proiectele vor fi disponibile pentru public prin intermediul site-ului web Odysseus.<\/p>\n","protected":false},"excerpt":{"rendered":"<p>Concursul Odysseus provoac\u0103 studen\u021bii cu v\u00e2rste \u00eentre 14 \u0219i 18 ani din toate \u021b\u0103rile europene pentru elaborarea unui proiect cu privire la explorarea spa\u021biului, utiliz\u00e2ndu-\u0219i cuno\u0219tin\u021bele, creativitatea \u0219i g\u00e2ndirea critic\u0103. Studen\u021bii care doresc s\u0103 participe trebuie s\u0103 formeze o echip\u0103 de 2 p\u00e2n\u0103 la 5 membri, av\u00e2nd un profesor ca antrenor \u0219i trebuie s\u0103 preg\u0103teasc\u0103 [&hellip;]<\/p>\n","protected":false},"author":1,"featured_media":0,"parent":57,"menu_order":0,"comment_status":"closed","ping_status":"open","template":"","meta":[],"_links":{"self":[{"href":"https:\/\/www.odysseus-contests.eu\/index.php?rest_route=\/wp\/v2\/pages\/771"}],"collection":[{"href":"https:\/\/www.odysseus-contests.eu\/index.php?rest_route=\/wp\/v2\/pages"}],"about":[{"href":"https:\/\/www.odysseus-contests.eu\/index.php?rest_route=\/wp\/v2\/types\/page"}],"author":[{"embeddable":true,"href":"https:\/\/www.odysseus-contests.eu\/index.php?rest_route=\/wp\/v2\/users\/1"}],"replies":[{"embeddable":true,"href":"https:\/\/www.odysseus-contests.eu\/index.php?rest_route=%2Fwp%2Fv2%2Fcomments&post=771"}],"version-history":[{"count":3,"href":"https:\/\/www.odysseus-contests.eu\/index.php?rest_route=\/wp\/v2\/pages\/771\/revisions"}],"predecessor-version":[{"id":974,"href":"https:\/\/www.odysseus-contests.eu\/index.php?rest_route=\/wp\/v2\/pages\/771\/revisions\/974"}],"up":[{"embeddable":true,"href":"https:\/\/www.odysseus-contests.eu\/index.php?rest_route=\/wp\/v2\/pages\/57"}],"wp:attachment":[{"href":"https:\/\/www.odysseus-contests.eu\/index.php?rest_route=%2Fwp%2Fv2%2Fmedia&parent=771"}],"curies":[{"name":"wp","href":"https:\/\/api.w.org\/{rel}","templated":true}]}}